{"id":183,"date":"2024-11-25T11:08:03","date_gmt":"2024-11-25T10:08:03","guid":{"rendered":"https:\/\/ecurie-saint-georges-en-bresse.com\/?page_id=183"},"modified":"2025-05-29T15:34:39","modified_gmt":"2025-05-29T13:34:39","slug":"gite-campagne-famille-proche-macon","status":"publish","type":"page","link":"https:\/\/ecurie-saint-georges-en-bresse.com\/index.php\/gite-campagne-famille-proche-macon\/","title":{"rendered":"Gite"},"content":{"rendered":"\t\t<div data-elementor-type=\"wp-page\" data-elementor-id=\"183\" class=\"elementor elementor-183\" data-elementor-post-type=\"page\">\n\t\t\t\t<div class=\"elementor-element elementor-element-6e574a7 e-flex e-con-boxed e-con e-parent\" data-id=\"6e574a7\" data-element_type=\"container\" data-e-type=\"container\">\n\t\t\t\t\t<div class=\"e-con-inner\">\n\t\t\t\t<div class=\"elementor-element elementor-element-1c51fd7 elementor-widget elementor-widget-menu-anchor\" data-id=\"1c51fd7\" data-element_type=\"widget\" data-e-type=\"widget\" data-widget_type=\"menu-anchor.default\">\n\t\t\t\t<div class=\"elementor-widget-container\">\n\t\t\t\t\t\t\t<div class=\"elementor-menu-anchor\" id=\"premiergite\"><\/div>\n\t\t\t\t\t\t<\/div>\n\t\t\t\t<\/div>\n\t\t\t\t\t<\/div>\n\t\t\t\t<\/div>\n\t\t<div class=\"elementor-element elementor-element-1234f8ee e-flex e-con-boxed e-con e-parent\" data-id=\"1234f8ee\" data-element_type=\"container\" data-e-type=\"container\" data-settings=\"{&quot;background_background&quot;:&quot;classic&quot;}\">\n\t\t\t\t\t<div class=\"e-con-inner\">\n\t\t\t\t<div class=\"elementor-element elementor-element-b6ede75 elementor-widget elementor-widget-spacer\" data-id=\"b6ede75\" data-element_type=\"widget\" data-e-type=\"widget\" data-widget_type=\"spacer.default\">\n\t\t\t\t<div class=\"elementor-widget-container\">\n\t\t\t\t\t\t\t<div class=\"elementor-spacer\">\n\t\t\t<div class=\"elementor-spacer-inner\"><\/div>\n\t\t<\/div>\n\t\t\t\t\t\t<\/div>\n\t\t\t\t<\/div>\n\t\t\t\t<div class=\"elementor-element elementor-element-988e06c elementor-widget elementor-widget-heading\" data-id=\"988e06c\" data-element_type=\"widget\" data-e-type=\"widget\" data-widget_type=\"heading.default\">\n\t\t\t\t<div class=\"elementor-widget-container\">\n\t\t\t\t\t<h2 class=\"elementor-heading-title elementor-size-default\">G\u00eete \u00ab Les Sabots d\u2019H\u00e9l\u00e8ne \u00bb - \nG\u00eete de charme \u00e0 la campagne pour 12 personnes<\/h2>\t\t\t\t<\/div>\n\t\t\t\t<\/div>\n\t\t\t\t<div class=\"elementor-element elementor-element-78b748f elementor-widget elementor-widget-spacer\" data-id=\"78b748f\" data-element_type=\"widget\" data-e-type=\"widget\" data-widget_type=\"spacer.default\">\n\t\t\t\t<div class=\"elementor-widget-container\">\n\t\t\t\t\t\t\t<div class=\"elementor-spacer\">\n\t\t\t<div class=\"elementor-spacer-inner\"><\/div>\n\t\t<\/div>\n\t\t\t\t\t\t<\/div>\n\t\t\t\t<\/div>\n\t\t<div class=\"elementor-element elementor-element-44aab0be e-con-full e-flex e-con e-child\" data-id=\"44aab0be\" data-element_type=\"container\" data-e-type=\"container\">\n\t\t\t\t<div class=\"elementor-element elementor-element-709b7ce elementor--h-position-center elementor--v-position-middle elementor-arrows-position-inside elementor-pagination-position-inside elementor-widget elementor-widget-slides\" data-id=\"709b7ce\" data-element_type=\"widget\" data-e-type=\"widget\" data-settings=\"{&quot;transition&quot;:&quot;fade&quot;,&quot;navigation&quot;:&quot;both&quot;,&quot;infinite&quot;:&quot;yes&quot;,&quot;transition_speed&quot;:500}\" data-widget_type=\"slides.default\">\n\t\t\t\t<div class=\"elementor-widget-container\">\n\t\t\t\t\t\t\t\t\t<div class=\"elementor-swiper\">\n\t\t\t\t\t<div class=\"elementor-slides-wrapper elementor-main-swiper swiper\" role=\"region\" aria-roledescription=\"carousel\" aria-label=\"Diapositives\" dir=\"ltr\" data-animation=\"fadeInUp\">\n\t\t\t\t<div class=\"swiper-wrapper elementor-slides\">\n\t\t\t\t\t\t\t\t\t\t<div class=\"elementor-repeater-item-9049494 swiper-slide\" role=\"group\" aria-roledescription=\"slide\"><div class=\"swiper-slide-bg\" role=\"img\" aria-label=\"g\u00eete salon\"><\/div><div class=\"swiper-slide-inner\" ><div class=\"swiper-slide-contents\"><\/div><\/div><\/div><div class=\"elementor-repeater-item-4f102b5 swiper-slide\" role=\"group\" aria-roledescription=\"slide\"><div class=\"swiper-slide-bg\" role=\"img\" aria-label=\"g\u00eete jardin\"><\/div><div class=\"swiper-slide-inner\" ><div class=\"swiper-slide-contents\"><\/div><\/div><\/div><div class=\"elementor-repeater-item-39601fc swiper-slide\" role=\"group\" aria-roledescription=\"slide\"><div class=\"swiper-slide-bg\" role=\"img\" aria-label=\"g\u00eete salle \u00e0 manger\"><\/div><div class=\"swiper-slide-inner\" ><div class=\"swiper-slide-contents\"><\/div><\/div><\/div><div class=\"elementor-repeater-item-083f5ce swiper-slide\" role=\"group\" aria-roledescription=\"slide\"><div class=\"swiper-slide-bg\" role=\"img\" aria-label=\"g\u00eete salle d&#039;eau 1\"><\/div><div class=\"swiper-slide-inner\" ><div class=\"swiper-slide-contents\"><\/div><\/div><\/div><div class=\"elementor-repeater-item-ee1205a swiper-slide\" role=\"group\" aria-roledescription=\"slide\"><div class=\"swiper-slide-bg\" role=\"img\" aria-label=\"g\u00eete chambre 5\"><\/div><div class=\"swiper-slide-inner\" ><div class=\"swiper-slide-contents\"><\/div><\/div><\/div><div class=\"elementor-repeater-item-62c824a swiper-slide\" role=\"group\" aria-roledescription=\"slide\"><div class=\"swiper-slide-bg\" role=\"img\" aria-label=\"g\u00eete chambre 2\"><\/div><div class=\"swiper-slide-inner\" ><div class=\"swiper-slide-contents\"><\/div><\/div><\/div><div class=\"elementor-repeater-item-9f4eb9a swiper-slide\" role=\"group\" aria-roledescription=\"slide\"><div class=\"swiper-slide-bg\" role=\"img\" aria-label=\"g\u00eete chambre 1\"><\/div><div class=\"swiper-slide-inner\" ><div class=\"swiper-slide-contents\"><\/div><\/div><\/div><div class=\"elementor-repeater-item-9370071 swiper-slide\" role=\"group\" aria-roledescription=\"slide\"><div class=\"swiper-slide-bg\" role=\"img\" aria-label=\"terrasse piscine g\u00eete\"><\/div><div class=\"swiper-slide-inner\" ><div class=\"swiper-slide-contents\"><\/div><\/div><\/div>\t\t\t\t<\/div>\n\t\t\t\t\t\t\t\t\t\t\t\t\t\t\t<div class=\"elementor-swiper-button elementor-swiper-button-prev\" role=\"button\" tabindex=\"0\" aria-label=\"Previous slide\">\n\t\t\t\t\t\t\t<svg aria-hidden=\"true\" class=\"e-font-icon-svg e-eicon-chevron-left\" viewBox=\"0 0 1000 1000\" xmlns=\"http:\/\/www.w3.org\/2000\/svg\"><path d=\"M646 125C629 125 613 133 604 142L308 442C296 454 292 471 292 487 292 504 296 521 308 533L604 854C617 867 629 875 646 875 663 875 679 871 692 858 704 846 713 829 713 812 713 796 708 779 692 767L438 487 692 225C700 217 708 204 708 187 708 171 704 154 692 142 675 129 663 125 646 125Z\"><\/path><\/svg>\t\t\t\t\t\t<\/div>\n\t\t\t\t\t\t<div class=\"elementor-swiper-button elementor-swiper-button-next\" role=\"button\" tabindex=\"0\" aria-label=\"Next slide\">\n\t\t\t\t\t\t\t<svg aria-hidden=\"true\" class=\"e-font-icon-svg e-eicon-chevron-right\" viewBox=\"0 0 1000 1000\" xmlns=\"http:\/\/www.w3.org\/2000\/svg\"><path d=\"M696 533C708 521 713 504 713 487 713 471 708 454 696 446L400 146C388 133 375 125 354 125 338 125 325 129 313 142 300 154 292 171 292 187 292 204 296 221 308 233L563 492 304 771C292 783 288 800 288 817 288 833 296 850 308 863 321 871 338 875 354 875 371 875 388 867 400 854L696 533Z\"><\/path><\/svg>\t\t\t\t\t\t<\/div>\n\t\t\t\t\t\t\t\t\t\t\t\t\t\t\t\t<div class=\"swiper-pagination\"><\/div>\n\t\t\t\t\t\t\t\t\t\t\t\t<\/div>\n\t\t\t\t<\/div>\n\t\t\t\t\t\t\t\t<\/div>\n\t\t\t\t<\/div>\n\t\t\t\t<div class=\"elementor-element elementor-element-249a9b4 elementor-widget elementor-widget-spacer\" data-id=\"249a9b4\" data-element_type=\"widget\" data-e-type=\"widget\" data-widget_type=\"spacer.default\">\n\t\t\t\t<div class=\"elementor-widget-container\">\n\t\t\t\t\t\t\t<div class=\"elementor-spacer\">\n\t\t\t<div class=\"elementor-spacer-inner\"><\/div>\n\t\t<\/div>\n\t\t\t\t\t\t<\/div>\n\t\t\t\t<\/div>\n\t\t\t\t<div class=\"elementor-element elementor-element-7e97146d elementor-widget elementor-widget-text-editor\" data-id=\"7e97146d\" data-element_type=\"widget\" data-e-type=\"widget\" data-widget_type=\"text-editor.default\">\n\t\t\t\t<div class=\"elementor-widget-container\">\n\t\t\t\t\t\t\t\t\t<p class=\"\" data-start=\"236\" data-end=\"521\">Le <strong data-start=\"298\" data-end=\"328\">g\u00eete \u201cLes Sabots d\u2019H\u00e9l\u00e8ne\u201d<\/strong> vous accueille dans un cadre paisible et verdoyant, au c\u0153ur d\u2019un <strong data-start=\"394\" data-end=\"430\">domaine \u00e9questre de 6,5 hectares<\/strong>, \u00e0 la fronti\u00e8re de la <strong data-start=\"453\" data-end=\"463\">Bresse<\/strong>, de la <strong data-start=\"471\" data-end=\"481\">Dombes<\/strong>, du <strong data-start=\"486\" data-end=\"500\">Beaujolais<\/strong> et du <strong data-start=\"507\" data-end=\"520\">M\u00e2connais<\/strong>.<\/p><p class=\"\" data-start=\"523\" data-end=\"700\">Notre g\u00eete spacieux peut h\u00e9berger jusqu\u2019\u00e0 <strong data-start=\"565\" data-end=\"591\">12 personnes + 2 b\u00e9b\u00e9s<\/strong>, id\u00e9al pour les grandes familles ou les groupes. <strong data-start=\"641\" data-end=\"698\">Les animaux de compagnie sont \u00e9galement les bienvenus<\/strong> !<\/p><p class=\"\" data-start=\"702\" data-end=\"1022\">Vous serez immerg\u00e9 en pleine nature, dans une <strong data-start=\"748\" data-end=\"771\">maison de caract\u00e8re<\/strong>, propice au repos et \u00e0 la d\u00e9connexion. Gr\u00e2ce \u00e0 sa <strong data-start=\"822\" data-end=\"857\">situation g\u00e9ographique centrale<\/strong>, vous pourrez facilement explorer les <strong data-start=\"896\" data-end=\"954\">richesses culturelles, patrimoniales et gastronomiques<\/strong> de la r\u00e9gion. <strong data-start=\"969\" data-end=\"977\">Lyon<\/strong> se trouve \u00e0 seulement <strong data-start=\"1000\" data-end=\"1020\">1 heure de route<\/strong> !<\/p><p class=\"\" data-start=\"1024\" data-end=\"1127\">Profitez d\u2019un environnement calme, au plus pr\u00e8s des chevaux, pour un s\u00e9jour authentique et ressour\u00e7ant.<\/p><p class=\"\" data-start=\"1129\" data-end=\"1250\">\ud83d\udc49 Retrouvez toutes les informations pratiques et r\u00e9servez votre s\u00e9jour sur notre page G\u00eetes de France :<\/p>\t\t\t\t\t\t\t\t<\/div>\n\t\t\t\t<\/div>\n\t\t\t\t<div class=\"elementor-element elementor-element-01b9e4c elementor-align-center elementor-widget elementor-widget-button\" data-id=\"01b9e4c\" data-element_type=\"widget\" data-e-type=\"widget\" data-widget_type=\"button.default\">\n\t\t\t\t<div class=\"elementor-widget-container\">\n\t\t\t\t\t\t\t\t\t<div class=\"elementor-button-wrapper\">\n\t\t\t\t\t<a class=\"elementor-button elementor-button-link elementor-size-sm\" href=\"https:\/\/www.gites-de-france-ain.com\/location-vacances-Cruzilles-les-mepillat-Les-Sabots-D-helene-01G136001.html?nbp_min=2\">\n\t\t\t\t\t\t<span class=\"elementor-button-content-wrapper\">\n\t\t\t\t\t\t\t\t\t<span class=\"elementor-button-text\">Cliquez ici<\/span>\n\t\t\t\t\t<\/span>\n\t\t\t\t\t<\/a>\n\t\t\t\t<\/div>\n\t\t\t\t\t\t\t\t<\/div>\n\t\t\t\t<\/div>\n\t\t\t\t<\/div>\n\t\t\t\t\t<\/div>\n\t\t\t\t<\/div>\n\t\t<div class=\"elementor-element elementor-element-709d300 e-flex e-con-boxed e-con e-parent\" data-id=\"709d300\" data-element_type=\"container\" data-e-type=\"container\">\n\t\t\t\t\t<div class=\"e-con-inner\">\n\t\t\t\t<div class=\"elementor-element elementor-element-b84e890 elementor-widget elementor-widget-menu-anchor\" data-id=\"b84e890\" data-element_type=\"widget\" data-e-type=\"widget\" data-widget_type=\"menu-anchor.default\">\n\t\t\t\t<div class=\"elementor-widget-container\">\n\t\t\t\t\t\t\t<div class=\"elementor-menu-anchor\" id=\"deuxiemegite\"><\/div>\n\t\t\t\t\t\t<\/div>\n\t\t\t\t<\/div>\n\t\t\t\t\t<\/div>\n\t\t\t\t<\/div>\n\t\t\t\t<\/div>\n\t\t","protected":false},"excerpt":{"rendered":"<p>G\u00eete \u00ab Les Sabots d\u2019H\u00e9l\u00e8ne \u00bb &#8211; G\u00eete de charme \u00e0 la campagne pour 12 personnes Le g\u00eete \u201cLes Sabots d\u2019H\u00e9l\u00e8ne\u201d vous accueille dans un cadre paisible et verdoyant, au c\u0153ur d\u2019un domaine \u00e9questre de 6,5 hectares, \u00e0 la fronti\u00e8re de la Bresse, de la Dombes, du Beaujolais et du M\u00e2connais. Notre g\u00eete spacieux peut [&hellip;]<\/p>\n","protected":false},"author":1,"featured_media":0,"parent":0,"menu_order":0,"comment_status":"closed","ping_status":"closed","template":"","meta":{"footnotes":""},"class_list":["post-183","page","type-page","status-publish","hentry"],"yoast_head":"<!-- This site is optimized with the Yoast SEO Premium plugin v25.0 (Yoast SEO v25.0) - https:\/\/yoast.com\/wordpress\/plugins\/seo\/ -->\n<title>G\u00eete Les Sabots d\u2019H\u00e9l\u00e8ne \u2013 Location de vacances \u00e0 la campagne<\/title>\n<meta name=\"description\" content=\"S\u00e9journez au g\u00eete Les Sabots d\u2019H\u00e9l\u00e8ne, un h\u00e9bergement de charme en pleine nature pour 12 personnes , entre Lyon, Macon, et la bresse\" \/>\n<meta name=\"robots\" content=\"index, follow, max-snippet:-1, max-image-preview:large, max-video-preview:-1\" \/>\n<link rel=\"canonical\" href=\"https:\/\/ecurie-saint-georges-en-bresse.com\/index.php\/gite-campagne-famille-proche-macon\/\" \/>\n<meta property=\"og:locale\" content=\"fr_FR\" \/>\n<meta property=\"og:type\" content=\"article\" \/>\n<meta property=\"og:title\" content=\"Gite\" \/>\n<meta property=\"og:description\" content=\"S\u00e9journez au g\u00eete Les Sabots d\u2019H\u00e9l\u00e8ne, un h\u00e9bergement de charme en pleine nature pour 12 personnes , entre Lyon, Macon, et la bresse\" \/>\n<meta property=\"og:url\" content=\"https:\/\/ecurie-saint-georges-en-bresse.com\/index.php\/gite-campagne-famille-proche-macon\/\" \/>\n<meta property=\"og:site_name\" content=\"Ecurie saint georges en bresse\" \/>\n<meta property=\"article:publisher\" content=\"https:\/\/www.facebook.com\/profile.php?id=61563517301867&amp;locale=fr_FR\" \/>\n<meta property=\"article:modified_time\" content=\"2025-05-29T13:34:39+00:00\" \/>\n<meta name=\"twitter:card\" content=\"summary_large_image\" \/>\n<meta name=\"twitter:label1\" content=\"Dur\u00e9e de lecture estim\u00e9e\" \/>\n\t<meta name=\"twitter:data1\" content=\"1 minute\" \/>\n<script type=\"application\/ld+json\" class=\"yoast-schema-graph\">{\"@context\":\"https:\/\/schema.org\",\"@graph\":[{\"@type\":\"WebPage\",\"@id\":\"https:\/\/ecurie-saint-georges-en-bresse.com\/index.php\/gite-campagne-famille-proche-macon\/\",\"url\":\"https:\/\/ecurie-saint-georges-en-bresse.com\/index.php\/gite-campagne-famille-proche-macon\/\",\"name\":\"G\u00eete Les Sabots d\u2019H\u00e9l\u00e8ne \u2013 Location de vacances \u00e0 la campagne\",\"isPartOf\":{\"@id\":\"https:\/\/ecurie-saint-georges-en-bresse.com\/#website\"},\"datePublished\":\"2024-11-25T10:08:03+00:00\",\"dateModified\":\"2025-05-29T13:34:39+00:00\",\"description\":\"S\u00e9journez au g\u00eete Les Sabots d\u2019H\u00e9l\u00e8ne, un h\u00e9bergement de charme en pleine nature pour 12 personnes , entre Lyon, Macon, et la bresse\",\"breadcrumb\":{\"@id\":\"https:\/\/ecurie-saint-georges-en-bresse.com\/index.php\/gite-campagne-famille-proche-macon\/#breadcrumb\"},\"inLanguage\":\"fr-FR\",\"potentialAction\":[{\"@type\":\"ReadAction\",\"target\":[\"https:\/\/ecurie-saint-georges-en-bresse.com\/index.php\/gite-campagne-famille-proche-macon\/\"]}]},{\"@type\":\"BreadcrumbList\",\"@id\":\"https:\/\/ecurie-saint-georges-en-bresse.com\/index.php\/gite-campagne-famille-proche-macon\/#breadcrumb\",\"itemListElement\":[{\"@type\":\"ListItem\",\"position\":1,\"name\":\"Accueil\",\"item\":\"https:\/\/ecurie-saint-georges-en-bresse.com\/\"},{\"@type\":\"ListItem\",\"position\":2,\"name\":\"Gite\"}]},{\"@type\":\"WebSite\",\"@id\":\"https:\/\/ecurie-saint-georges-en-bresse.com\/#website\",\"url\":\"https:\/\/ecurie-saint-georges-en-bresse.com\/\",\"name\":\"Ecurie saint georges en bresse\",\"description\":\"Une \u00e9curie de propri\u00e9taire proche de Macon\",\"publisher\":{\"@id\":\"https:\/\/ecurie-saint-georges-en-bresse.com\/#organization\"},\"potentialAction\":[{\"@type\":\"SearchAction\",\"target\":{\"@type\":\"EntryPoint\",\"urlTemplate\":\"https:\/\/ecurie-saint-georges-en-bresse.com\/?s={search_term_string}\"},\"query-input\":{\"@type\":\"PropertyValueSpecification\",\"valueRequired\":true,\"valueName\":\"search_term_string\"}}],\"inLanguage\":\"fr-FR\"},{\"@type\":\"Organization\",\"@id\":\"https:\/\/ecurie-saint-georges-en-bresse.com\/#organization\",\"name\":\"Ecurie saint georges en bresse\",\"url\":\"https:\/\/ecurie-saint-georges-en-bresse.com\/\",\"logo\":{\"@type\":\"ImageObject\",\"inLanguage\":\"fr-FR\",\"@id\":\"https:\/\/ecurie-saint-georges-en-bresse.com\/#\/schema\/logo\/image\/\",\"url\":\"https:\/\/ecurie-saint-georges-en-bresse.com\/wp-content\/uploads\/2024\/11\/Design-sans-titre.png\",\"contentUrl\":\"https:\/\/ecurie-saint-georges-en-bresse.com\/wp-content\/uploads\/2024\/11\/Design-sans-titre.png\",\"width\":1476,\"height\":2250,\"caption\":\"Ecurie saint georges en bresse\"},\"image\":{\"@id\":\"https:\/\/ecurie-saint-georges-en-bresse.com\/#\/schema\/logo\/image\/\"},\"sameAs\":[\"https:\/\/www.facebook.com\/profile.php?id=61563517301867&locale=fr_FR\"]}]}<\/script>\n<!-- \/ Yoast SEO Premium plugin. -->","yoast_head_json":{"title":"G\u00eete Les Sabots d\u2019H\u00e9l\u00e8ne \u2013 Location de vacances \u00e0 la campagne","description":"S\u00e9journez au g\u00eete Les Sabots d\u2019H\u00e9l\u00e8ne, un h\u00e9bergement de charme en pleine nature pour 12 personnes , entre Lyon, Macon, et la bresse","robots":{"index":"index","follow":"follow","max-snippet":"max-snippet:-1","max-image-preview":"max-image-preview:large","max-video-preview":"max-video-preview:-1"},"canonical":"https:\/\/ecurie-saint-georges-en-bresse.com\/index.php\/gite-campagne-famille-proche-macon\/","og_locale":"fr_FR","og_type":"article","og_title":"Gite","og_description":"S\u00e9journez au g\u00eete Les Sabots d\u2019H\u00e9l\u00e8ne, un h\u00e9bergement de charme en pleine nature pour 12 personnes , entre Lyon, Macon, et la bresse","og_url":"https:\/\/ecurie-saint-georges-en-bresse.com\/index.php\/gite-campagne-famille-proche-macon\/","og_site_name":"Ecurie saint georges en bresse","article_publisher":"https:\/\/www.facebook.com\/profile.php?id=61563517301867&locale=fr_FR","article_modified_time":"2025-05-29T13:34:39+00:00","twitter_card":"summary_large_image","twitter_misc":{"Dur\u00e9e de lecture estim\u00e9e":"1 minute"},"schema":{"@context":"https:\/\/schema.org","@graph":[{"@type":"WebPage","@id":"https:\/\/ecurie-saint-georges-en-bresse.com\/index.php\/gite-campagne-famille-proche-macon\/","url":"https:\/\/ecurie-saint-georges-en-bresse.com\/index.php\/gite-campagne-famille-proche-macon\/","name":"G\u00eete Les Sabots d\u2019H\u00e9l\u00e8ne \u2013 Location de vacances \u00e0 la campagne","isPartOf":{"@id":"https:\/\/ecurie-saint-georges-en-bresse.com\/#website"},"datePublished":"2024-11-25T10:08:03+00:00","dateModified":"2025-05-29T13:34:39+00:00","description":"S\u00e9journez au g\u00eete Les Sabots d\u2019H\u00e9l\u00e8ne, un h\u00e9bergement de charme en pleine nature pour 12 personnes , entre Lyon, Macon, et la bresse","breadcrumb":{"@id":"https:\/\/ecurie-saint-georges-en-bresse.com\/index.php\/gite-campagne-famille-proche-macon\/#breadcrumb"},"inLanguage":"fr-FR","potentialAction":[{"@type":"ReadAction","target":["https:\/\/ecurie-saint-georges-en-bresse.com\/index.php\/gite-campagne-famille-proche-macon\/"]}]},{"@type":"BreadcrumbList","@id":"https:\/\/ecurie-saint-georges-en-bresse.com\/index.php\/gite-campagne-famille-proche-macon\/#breadcrumb","itemListElement":[{"@type":"ListItem","position":1,"name":"Accueil","item":"https:\/\/ecurie-saint-georges-en-bresse.com\/"},{"@type":"ListItem","position":2,"name":"Gite"}]},{"@type":"WebSite","@id":"https:\/\/ecurie-saint-georges-en-bresse.com\/#website","url":"https:\/\/ecurie-saint-georges-en-bresse.com\/","name":"Ecurie saint georges en bresse","description":"Une \u00e9curie de propri\u00e9taire proche de Macon","publisher":{"@id":"https:\/\/ecurie-saint-georges-en-bresse.com\/#organization"},"potentialAction":[{"@type":"SearchAction","target":{"@type":"EntryPoint","urlTemplate":"https:\/\/ecurie-saint-georges-en-bresse.com\/?s={search_term_string}"},"query-input":{"@type":"PropertyValueSpecification","valueRequired":true,"valueName":"search_term_string"}}],"inLanguage":"fr-FR"},{"@type":"Organization","@id":"https:\/\/ecurie-saint-georges-en-bresse.com\/#organization","name":"Ecurie saint georges en bresse","url":"https:\/\/ecurie-saint-georges-en-bresse.com\/","logo":{"@type":"ImageObject","inLanguage":"fr-FR","@id":"https:\/\/ecurie-saint-georges-en-bresse.com\/#\/schema\/logo\/image\/","url":"https:\/\/ecurie-saint-georges-en-bresse.com\/wp-content\/uploads\/2024\/11\/Design-sans-titre.png","contentUrl":"https:\/\/ecurie-saint-georges-en-bresse.com\/wp-content\/uploads\/2024\/11\/Design-sans-titre.png","width":1476,"height":2250,"caption":"Ecurie saint georges en bresse"},"image":{"@id":"https:\/\/ecurie-saint-georges-en-bresse.com\/#\/schema\/logo\/image\/"},"sameAs":["https:\/\/www.facebook.com\/profile.php?id=61563517301867&locale=fr_FR"]}]}},"_links":{"self":[{"href":"https:\/\/ecurie-saint-georges-en-bresse.com\/index.php\/wp-json\/wp\/v2\/pages\/183","targetHints":{"allow":["GET"]}}],"collection":[{"href":"https:\/\/ecurie-saint-georges-en-bresse.com\/index.php\/wp-json\/wp\/v2\/pages"}],"about":[{"href":"https:\/\/ecurie-saint-georges-en-bresse.com\/index.php\/wp-json\/wp\/v2\/types\/page"}],"author":[{"embeddable":true,"href":"https:\/\/ecurie-saint-georges-en-bresse.com\/index.php\/wp-json\/wp\/v2\/users\/1"}],"replies":[{"embeddable":true,"href":"https:\/\/ecurie-saint-georges-en-bresse.com\/index.php\/wp-json\/wp\/v2\/comments?post=183"}],"version-history":[{"count":112,"href":"https:\/\/ecurie-saint-georges-en-bresse.com\/index.php\/wp-json\/wp\/v2\/pages\/183\/revisions"}],"predecessor-version":[{"id":1786,"href":"https:\/\/ecurie-saint-georges-en-bresse.com\/index.php\/wp-json\/wp\/v2\/pages\/183\/revisions\/1786"}],"wp:attachment":[{"href":"https:\/\/ecurie-saint-georges-en-bresse.com\/index.php\/wp-json\/wp\/v2\/media?parent=183"}],"curies":[{"name":"wp","href":"https:\/\/api.w.org\/{rel}","templated":true}]}}