{"id":181,"date":"2024-11-25T11:07:51","date_gmt":"2024-11-25T10:07:51","guid":{"rendered":"https:\/\/ecurie-saint-georges-en-bresse.com\/?page_id=181"},"modified":"2025-04-16T10:14:50","modified_gmt":"2025-04-16T08:14:50","slug":"installation","status":"publish","type":"page","link":"https:\/\/ecurie-saint-georges-en-bresse.com\/index.php\/installation\/","title":{"rendered":"installations"},"content":{"rendered":"\t\t<div data-elementor-type=\"wp-page\" data-elementor-id=\"181\" class=\"elementor elementor-181\" data-elementor-post-type=\"page\">\n\t\t\t\t<div class=\"elementor-element elementor-element-2b05786f e-con-full e-flex e-con e-parent\" data-id=\"2b05786f\" data-element_type=\"container\" data-e-type=\"container\" data-settings=\"{&quot;background_background&quot;:&quot;classic&quot;}\">\n\t\t<div class=\"elementor-element elementor-element-51fa77d e-flex e-con-boxed e-con e-child\" data-id=\"51fa77d\" data-element_type=\"container\" data-e-type=\"container\">\n\t\t\t\t\t<div class=\"e-con-inner\">\n\t\t\t\t<div class=\"elementor-element elementor-element-1eab283f elementor-widget__width-inherit elementor-widget elementor-widget-heading\" data-id=\"1eab283f\" data-element_type=\"widget\" data-e-type=\"widget\" data-widget_type=\"heading.default\">\n\t\t\t\t<div class=\"elementor-widget-container\">\n\t\t\t\t\t<h2 class=\"elementor-heading-title elementor-size-default\">NOS INSTALLATIONS<\/h2>\t\t\t\t<\/div>\n\t\t\t\t<\/div>\n\t\t\t\t\t<\/div>\n\t\t\t\t<\/div>\n\t\t<div class=\"elementor-element elementor-element-4f2442fd e-con-full e-flex e-con e-child\" data-id=\"4f2442fd\" data-element_type=\"container\" data-e-type=\"container\">\n\t\t\t\t<div class=\"elementor-element elementor-element-7e0b5098 elementor-cta--layout-image-right elementor-cta--mobile-layout-image-above elementor-widget__width-inherit elementor-cta--valign-middle elementor-cta--skin-classic elementor-animated-content elementor-widget elementor-widget-call-to-action\" data-id=\"7e0b5098\" data-element_type=\"widget\" data-e-type=\"widget\" data-widget_type=\"call-to-action.default\">\n\t\t\t\t<div class=\"elementor-widget-container\">\n\t\t\t\t\t\t\t<div class=\"elementor-cta\">\n\t\t\t\t\t<div class=\"elementor-cta__bg-wrapper\">\n\t\t\t\t<div class=\"elementor-cta__bg elementor-bg\" style=\"background-image: url(https:\/\/ecurie-saint-georges-en-bresse.com\/wp-content\/uploads\/2024\/11\/carriere-3.jpg);\" role=\"img\" aria-label=\"carri\u00e8re 3\"><\/div>\n\t\t\t\t<div class=\"elementor-cta__bg-overlay\"><\/div>\n\t\t\t<\/div>\n\t\t\t\t\t\t\t<div class=\"elementor-cta__content\">\n\t\t\t\t\n\t\t\t\t\t\t\t\t\t<h2 class=\"elementor-cta__title elementor-cta__content-item elementor-content-item\">\n\t\t\t\t\t\tcarri\u00e8re \t\t\t\t\t<\/h2>\n\t\t\t\t\n\t\t\t\t\t\t\t\t\t<div class=\"elementor-cta__description elementor-cta__content-item elementor-content-item\">\n\t\t\t\t\t\tUne carri\u00e8re Lastik de 35 m\u00e8tres de large sur 60 m\u00e8tres de long, avec \u00e9clairage LED et parc d\u2019obstacle est \u00e0 votre disposition. Celle-ci est travaill\u00e9e quotidiennement avec un engin Lastik d\u00e9di\u00e9, qu\u2019il faille herser, barrer ou d\u00e9compacter. De m\u00eame un arrosage r\u00e9gulier permet un sol id\u00e9al.\t\t\t\t\t<\/div>\n\t\t\t\t\n\t\t\t\t\t\t\t<\/div>\n\t\t\t\t\t\t<\/div>\n\t\t\t\t\t\t<\/div>\n\t\t\t\t<\/div>\n\t\t\t\t<div class=\"elementor-element elementor-element-13382229 elementor-cta--layout-image-left elementor-cta--mobile-layout-image-above elementor-widget__width-inherit elementor-cta--skin-classic elementor-animated-content elementor-widget elementor-widget-call-to-action\" data-id=\"13382229\" data-element_type=\"widget\" data-e-type=\"widget\" data-widget_type=\"call-to-action.default\">\n\t\t\t\t<div class=\"elementor-widget-container\">\n\t\t\t\t\t\t\t<div class=\"elementor-cta\">\n\t\t\t\t\t<div class=\"elementor-cta__bg-wrapper\">\n\t\t\t\t<div class=\"elementor-cta__bg elementor-bg\" style=\"background-image: url(https:\/\/ecurie-saint-georges-en-bresse.com\/wp-content\/uploads\/2024\/11\/aire-TAP.jpg);\" role=\"img\" aria-label=\"aire TAP\"><\/div>\n\t\t\t\t<div class=\"elementor-cta__bg-overlay\"><\/div>\n\t\t\t<\/div>\n\t\t\t\t\t\t\t<div class=\"elementor-cta__content\">\n\t\t\t\t\n\t\t\t\t\t\t\t\t\t<h2 class=\"elementor-cta__title elementor-cta__content-item elementor-content-item\">\n\t\t\t\t\t\tL\u2019aire de TAP\t\t\t\t\t<\/h2>\n\t\t\t\t\n\t\t\t\t\t\t\t\t\t<div class=\"elementor-cta__description elementor-cta__content-item elementor-content-item\">\n\t\t\t\t\t\tL\u2019aire de TAP, de 15 m\u00e8tres par 25, vous offrira la possibilit\u00e9 de longer vos chevaux, mais aussi de pratiquer le travail \u00e0 pied, les longues r\u00eanes, ou m\u00eame de faire sauter vos chevaux en libert\u00e9.\t\t\t\t\t<\/div>\n\t\t\t\t\n\t\t\t\t\t\t\t<\/div>\n\t\t\t\t\t\t<\/div>\n\t\t\t\t\t\t<\/div>\n\t\t\t\t<\/div>\n\t\t\t\t<div class=\"elementor-element elementor-element-7269e89 elementor-cta--layout-image-right elementor-cta--mobile-layout-image-above elementor-widget__width-inherit elementor-cta--skin-classic elementor-animated-content elementor-widget elementor-widget-call-to-action\" data-id=\"7269e89\" data-element_type=\"widget\" data-e-type=\"widget\" data-widget_type=\"call-to-action.default\">\n\t\t\t\t<div class=\"elementor-widget-container\">\n\t\t\t\t\t\t\t<div class=\"elementor-cta\">\n\t\t\t\t\t<div class=\"elementor-cta__bg-wrapper\">\n\t\t\t\t<div class=\"elementor-cta__bg elementor-bg\" style=\"background-image: url(https:\/\/ecurie-saint-georges-en-bresse.com\/wp-content\/uploads\/2024\/11\/ecurie-12-boxes-bis.jpg);\" role=\"img\" aria-label=\"\u00e9curie 12 boxes bis\"><\/div>\n\t\t\t\t<div class=\"elementor-cta__bg-overlay\"><\/div>\n\t\t\t<\/div>\n\t\t\t\t\t\t\t<div class=\"elementor-cta__content\">\n\t\t\t\t\n\t\t\t\t\t\t\t\t\t<h2 class=\"elementor-cta__title elementor-cta__content-item elementor-content-item\">\n\t\t\t\t\t\tL\u2019\u00e9curie \t\t\t\t\t<\/h2>\n\t\t\t\t\n\t\t\t\t\t\t\t\t\t<div class=\"elementor-cta__description elementor-cta__content-item elementor-content-item\">\n\t\t\t\t\t\tL\u2019\u00e9curie se pr\u00e9sente en deux espaces. Une premi\u00e8re \u00e9curie de 12 boxes accueille l\u2019essentiel de la cavalerie. Six boxes d\u2019un c\u00f4t\u00e9 mesurent 3m sur 3m, les six autres box en face mesurent 3,5 m sur 3m. Une autre partie jouxte la premi\u00e8re et contient 6 autres boxes : trois de 3m sur 3m et trois de 2,5 m sur 4m. Les boxes sont nettoy\u00e9s et repaill\u00e9s quotidiennement, int\u00e9gralement cur\u00e9s une fois par semaine. \u00c9quip\u00e9s de r\u00e2teliers, ils offrent \u00e0 votre cheval le bien-\u00eatre du foin \u00e0 volont\u00e9.\t\t\t\t\t<\/div>\n\t\t\t\t\n\t\t\t\t\t\t\t<\/div>\n\t\t\t\t\t\t<\/div>\n\t\t\t\t\t\t<\/div>\n\t\t\t\t<\/div>\n\t\t\t\t<div class=\"elementor-element elementor-element-2f3e371 elementor-cta--layout-image-left elementor-cta--mobile-layout-image-above elementor-widget__width-inherit elementor-cta--skin-classic elementor-animated-content elementor-widget elementor-widget-call-to-action\" data-id=\"2f3e371\" data-element_type=\"widget\" data-e-type=\"widget\" data-widget_type=\"call-to-action.default\">\n\t\t\t\t<div class=\"elementor-widget-container\">\n\t\t\t\t\t\t\t<div class=\"elementor-cta\">\n\t\t\t\t\t<div class=\"elementor-cta__bg-wrapper\">\n\t\t\t\t<div class=\"elementor-cta__bg elementor-bg\" style=\"background-image: url(https:\/\/ecurie-saint-georges-en-bresse.com\/wp-content\/uploads\/2024\/11\/pre-2-scaled.jpg);\" role=\"img\" aria-label=\"pr\u00e9 2\"><\/div>\n\t\t\t\t<div class=\"elementor-cta__bg-overlay\"><\/div>\n\t\t\t<\/div>\n\t\t\t\t\t\t\t<div class=\"elementor-cta__content\">\n\t\t\t\t\n\t\t\t\t\t\t\t\t\t<h2 class=\"elementor-cta__title elementor-cta__content-item elementor-content-item\">\n\t\t\t\t\t\tpaddock \t\t\t\t\t<\/h2>\n\t\t\t\t\n\t\t\t\t\t\t\t\t\t<div class=\"elementor-cta__description elementor-cta__content-item elementor-content-item\">\n\t\t\t\t\t\tChaque cheval aura son paddock individuel d\u00e9di\u00e9, de 60m sur 15m. \t\t\t\t\t<\/div>\n\t\t\t\t\n\t\t\t\t\t\t\t<\/div>\n\t\t\t\t\t\t<\/div>\n\t\t\t\t\t\t<\/div>\n\t\t\t\t<\/div>\n\t\t\t\t<div class=\"elementor-element elementor-element-8adb0e2 elementor-cta--layout-image-right elementor-cta--mobile-layout-image-above elementor-widget__width-inherit elementor-cta--skin-classic elementor-animated-content elementor-widget elementor-widget-call-to-action\" data-id=\"8adb0e2\" data-element_type=\"widget\" data-e-type=\"widget\" data-widget_type=\"call-to-action.default\">\n\t\t\t\t<div class=\"elementor-widget-container\">\n\t\t\t\t\t\t\t<div class=\"elementor-cta\">\n\t\t\t\t\t<div class=\"elementor-cta__bg-wrapper\">\n\t\t\t\t<div class=\"elementor-cta__bg elementor-bg\" style=\"background-image: url(https:\/\/ecurie-saint-georges-en-bresse.com\/wp-content\/uploads\/2024\/11\/paddocks-1-scaled.jpg);\" role=\"img\" aria-label=\"paddocks 1\"><\/div>\n\t\t\t\t<div class=\"elementor-cta__bg-overlay\"><\/div>\n\t\t\t<\/div>\n\t\t\t\t\t\t\t<div class=\"elementor-cta__content\">\n\t\t\t\t\n\t\t\t\t\t\t\t\t\t<h2 class=\"elementor-cta__title elementor-cta__content-item elementor-content-item\">\n\t\t\t\t\t\tparcs \t\t\t\t\t<\/h2>\n\t\t\t\t\n\t\t\t\t\t\t\t\t\t<div class=\"elementor-cta__description elementor-cta__content-item elementor-content-item\">\n\t\t\t\t\t\tTrois parcs de plus d\u2019un hectare chacun permettent de proposer des pensions pr\u00e9 avec gestion des p\u00e2tures, id\u00e9ale pour offrir aux chevaux de l\u2019herbe toute l\u2019ann\u00e9e\u2026 ou presque !\t\t\t\t\t<\/div>\n\t\t\t\t\n\t\t\t\t\t\t\t<\/div>\n\t\t\t\t\t\t<\/div>\n\t\t\t\t\t\t<\/div>\n\t\t\t\t<\/div>\n\t\t\t\t<div class=\"elementor-element elementor-element-82bc5ba elementor-cta--layout-image-left elementor-cta--mobile-layout-image-above elementor-widget__width-inherit elementor-cta--skin-classic elementor-animated-content elementor-widget elementor-widget-call-to-action\" data-id=\"82bc5ba\" data-element_type=\"widget\" data-e-type=\"widget\" data-widget_type=\"call-to-action.default\">\n\t\t\t\t<div class=\"elementor-widget-container\">\n\t\t\t\t\t\t\t<div class=\"elementor-cta\">\n\t\t\t\t\t<div class=\"elementor-cta__bg-wrapper\">\n\t\t\t\t<div class=\"elementor-cta__bg elementor-bg\" style=\"background-image: url(https:\/\/ecurie-saint-georges-en-bresse.com\/wp-content\/uploads\/2024\/11\/pre-2-scaled.jpg);\" role=\"img\" aria-label=\"pr\u00e9 2\"><\/div>\n\t\t\t\t<div class=\"elementor-cta__bg-overlay\"><\/div>\n\t\t\t<\/div>\n\t\t\t\t\t\t\t<div class=\"elementor-cta__content\">\n\t\t\t\t\n\t\t\t\t\t\t\t\t\t<h2 class=\"elementor-cta__title elementor-cta__content-item elementor-content-item\">\n\t\t\t\t\t\tclub house \t\t\t\t\t<\/h2>\n\t\t\t\t\n\t\t\t\t\t\t\t\t\t<div class=\"elementor-cta__description elementor-cta__content-item elementor-content-item\">\n\t\t\t\t\t\tC\u00f4t\u00e9 cavaliers, le club house est \u00e9quip\u00e9 d\u2019un r\u00e9frig\u00e9rateur \u00e0 votre disposition, d\u2019une cafeti\u00e8re, d\u2019une bouilloire et d\u2019un billard en libre-service. Bien entendu, des toilettes sont disponibles pour votre confort ! Tout est fait pour que vous vous sentiez \u00e0 l\u2019aise, comme \u00e0 la maison, pour partager des moments conviviaux entre amoureux des chevaux ! \t\t\t\t\t<\/div>\n\t\t\t\t\n\t\t\t\t\t\t\t<\/div>\n\t\t\t\t\t\t<\/div>\n\t\t\t\t\t\t<\/div>\n\t\t\t\t<\/div>\n\t\t\t\t<div class=\"elementor-element elementor-element-b33dbdf elementor-cta--layout-image-right elementor-cta--mobile-layout-image-above elementor-widget__width-inherit elementor-cta--skin-classic elementor-animated-content elementor-widget elementor-widget-call-to-action\" data-id=\"b33dbdf\" data-element_type=\"widget\" data-e-type=\"widget\" data-widget_type=\"call-to-action.default\">\n\t\t\t\t<div class=\"elementor-widget-container\">\n\t\t\t\t\t\t\t<div class=\"elementor-cta\">\n\t\t\t\t\t<div class=\"elementor-cta__bg-wrapper\">\n\t\t\t\t<div class=\"elementor-cta__bg elementor-bg\" style=\"background-image: url(https:\/\/ecurie-saint-georges-en-bresse.com\/wp-content\/uploads\/2024\/11\/paddocks-1-scaled.jpg);\" role=\"img\" aria-label=\"paddocks 1\"><\/div>\n\t\t\t\t<div class=\"elementor-cta__bg-overlay\"><\/div>\n\t\t\t<\/div>\n\t\t\t\t\t\t\t<div class=\"elementor-cta__content\">\n\t\t\t\t\n\t\t\t\t\t\t\t\t\t<h2 class=\"elementor-cta__title elementor-cta__content-item elementor-content-item\">\n\t\t\t\t\t\tsellerie \t\t\t\t\t<\/h2>\n\t\t\t\t\n\t\t\t\t\t\t\t\t\t<div class=\"elementor-cta__description elementor-cta__content-item elementor-content-item\">\n\t\t\t\t\t\tLa sellerie qui accueillera tout votre mat\u00e9riel est s\u00e9curis\u00e9e par cadenas \u00e0 code et vous permet de ranger un maximum de choses : porte-selle, armoires, etc\u2026 \u00e0 votre convenance.\t\t\t\t\t<\/div>\n\t\t\t\t\n\t\t\t\t\t\t\t<\/div>\n\t\t\t\t\t\t<\/div>\n\t\t\t\t\t\t<\/div>\n\t\t\t\t<\/div>\n\t\t\t\t<\/div>\n\t\t\t\t<\/div>\n\t\t\t\t<\/div>\n\t\t","protected":false},"excerpt":{"rendered":"<p>NOS INSTALLATIONS carri\u00e8re Une carri\u00e8re Lastik de 35 m\u00e8tres de large sur 60 m\u00e8tres de long, avec \u00e9clairage LED et parc d\u2019obstacle est \u00e0 votre disposition. Celle-ci est travaill\u00e9e quotidiennement avec un engin Lastik d\u00e9di\u00e9, qu\u2019il faille herser, barrer ou d\u00e9compacter. De m\u00eame un arrosage r\u00e9gulier permet un sol id\u00e9al. L\u2019aire de TAP L\u2019aire de [&hellip;]<\/p>\n","protected":false},"author":1,"featured_media":0,"parent":0,"menu_order":0,"comment_status":"closed","ping_status":"closed","template":"","meta":{"footnotes":""},"class_list":["post-181","page","type-page","status-publish","hentry"],"yoast_head":"<!-- This site is optimized with the Yoast SEO Premium plugin v25.0 (Yoast SEO v25.0) - https:\/\/yoast.com\/wordpress\/plugins\/seo\/ -->\n<title>D\u00e9couvrez nos installations proche de Macon<\/title>\n<meta name=\"description\" content=\"Visitez notre \u00e9curie de propri\u00e9taire proche de M\u00e2con, avec des installations modernes et des boxes spacieux pour vos chevaux.\" \/>\n<meta name=\"robots\" content=\"index, follow, max-snippet:-1, max-image-preview:large, max-video-preview:-1\" \/>\n<link rel=\"canonical\" href=\"https:\/\/ecurie-saint-georges-en-bresse.com\/index.php\/installation\/\" \/>\n<meta property=\"og:locale\" content=\"fr_FR\" \/>\n<meta property=\"og:type\" content=\"article\" \/>\n<meta property=\"og:title\" content=\"installations\" \/>\n<meta property=\"og:description\" content=\"Visitez notre \u00e9curie de propri\u00e9taire proche de M\u00e2con, avec des installations modernes et des boxes spacieux pour vos chevaux.\" \/>\n<meta property=\"og:url\" content=\"https:\/\/ecurie-saint-georges-en-bresse.com\/index.php\/installation\/\" \/>\n<meta property=\"og:site_name\" content=\"Ecurie saint georges en bresse\" \/>\n<meta property=\"article:publisher\" content=\"https:\/\/www.facebook.com\/profile.php?id=61563517301867&amp;locale=fr_FR\" \/>\n<meta property=\"article:modified_time\" content=\"2025-04-16T08:14:50+00:00\" \/>\n<meta name=\"twitter:card\" content=\"summary_large_image\" \/>\n<meta name=\"twitter:label1\" content=\"Dur\u00e9e de lecture estim\u00e9e\" \/>\n\t<meta name=\"twitter:data1\" content=\"2 minutes\" \/>\n<script type=\"application\/ld+json\" class=\"yoast-schema-graph\">{\"@context\":\"https:\/\/schema.org\",\"@graph\":[{\"@type\":\"WebPage\",\"@id\":\"https:\/\/ecurie-saint-georges-en-bresse.com\/index.php\/installation\/\",\"url\":\"https:\/\/ecurie-saint-georges-en-bresse.com\/index.php\/installation\/\",\"name\":\"D\u00e9couvrez nos installations proche de Macon\",\"isPartOf\":{\"@id\":\"https:\/\/ecurie-saint-georges-en-bresse.com\/#website\"},\"datePublished\":\"2024-11-25T10:07:51+00:00\",\"dateModified\":\"2025-04-16T08:14:50+00:00\",\"description\":\"Visitez notre \u00e9curie de propri\u00e9taire proche de M\u00e2con, avec des installations modernes et des boxes spacieux pour vos chevaux.\",\"breadcrumb\":{\"@id\":\"https:\/\/ecurie-saint-georges-en-bresse.com\/index.php\/installation\/#breadcrumb\"},\"inLanguage\":\"fr-FR\",\"potentialAction\":[{\"@type\":\"ReadAction\",\"target\":[\"https:\/\/ecurie-saint-georges-en-bresse.com\/index.php\/installation\/\"]}]},{\"@type\":\"BreadcrumbList\",\"@id\":\"https:\/\/ecurie-saint-georges-en-bresse.com\/index.php\/installation\/#breadcrumb\",\"itemListElement\":[{\"@type\":\"ListItem\",\"position\":1,\"name\":\"Accueil\",\"item\":\"https:\/\/ecurie-saint-georges-en-bresse.com\/\"},{\"@type\":\"ListItem\",\"position\":2,\"name\":\"installations\"}]},{\"@type\":\"WebSite\",\"@id\":\"https:\/\/ecurie-saint-georges-en-bresse.com\/#website\",\"url\":\"https:\/\/ecurie-saint-georges-en-bresse.com\/\",\"name\":\"Ecurie saint georges en bresse\",\"description\":\"Une \u00e9curie de propri\u00e9taire proche de Macon\",\"publisher\":{\"@id\":\"https:\/\/ecurie-saint-georges-en-bresse.com\/#organization\"},\"potentialAction\":[{\"@type\":\"SearchAction\",\"target\":{\"@type\":\"EntryPoint\",\"urlTemplate\":\"https:\/\/ecurie-saint-georges-en-bresse.com\/?s={search_term_string}\"},\"query-input\":{\"@type\":\"PropertyValueSpecification\",\"valueRequired\":true,\"valueName\":\"search_term_string\"}}],\"inLanguage\":\"fr-FR\"},{\"@type\":\"Organization\",\"@id\":\"https:\/\/ecurie-saint-georges-en-bresse.com\/#organization\",\"name\":\"Ecurie saint georges en bresse\",\"url\":\"https:\/\/ecurie-saint-georges-en-bresse.com\/\",\"logo\":{\"@type\":\"ImageObject\",\"inLanguage\":\"fr-FR\",\"@id\":\"https:\/\/ecurie-saint-georges-en-bresse.com\/#\/schema\/logo\/image\/\",\"url\":\"https:\/\/ecurie-saint-georges-en-bresse.com\/wp-content\/uploads\/2024\/11\/Design-sans-titre.png\",\"contentUrl\":\"https:\/\/ecurie-saint-georges-en-bresse.com\/wp-content\/uploads\/2024\/11\/Design-sans-titre.png\",\"width\":1476,\"height\":2250,\"caption\":\"Ecurie saint georges en bresse\"},\"image\":{\"@id\":\"https:\/\/ecurie-saint-georges-en-bresse.com\/#\/schema\/logo\/image\/\"},\"sameAs\":[\"https:\/\/www.facebook.com\/profile.php?id=61563517301867&locale=fr_FR\"]}]}<\/script>\n<!-- \/ Yoast SEO Premium plugin. -->","yoast_head_json":{"title":"D\u00e9couvrez nos installations proche de Macon","description":"Visitez notre \u00e9curie de propri\u00e9taire proche de M\u00e2con, avec des installations modernes et des boxes spacieux pour vos chevaux.","robots":{"index":"index","follow":"follow","max-snippet":"max-snippet:-1","max-image-preview":"max-image-preview:large","max-video-preview":"max-video-preview:-1"},"canonical":"https:\/\/ecurie-saint-georges-en-bresse.com\/index.php\/installation\/","og_locale":"fr_FR","og_type":"article","og_title":"installations","og_description":"Visitez notre \u00e9curie de propri\u00e9taire proche de M\u00e2con, avec des installations modernes et des boxes spacieux pour vos chevaux.","og_url":"https:\/\/ecurie-saint-georges-en-bresse.com\/index.php\/installation\/","og_site_name":"Ecurie saint georges en bresse","article_publisher":"https:\/\/www.facebook.com\/profile.php?id=61563517301867&locale=fr_FR","article_modified_time":"2025-04-16T08:14:50+00:00","twitter_card":"summary_large_image","twitter_misc":{"Dur\u00e9e de lecture estim\u00e9e":"2 minutes"},"schema":{"@context":"https:\/\/schema.org","@graph":[{"@type":"WebPage","@id":"https:\/\/ecurie-saint-georges-en-bresse.com\/index.php\/installation\/","url":"https:\/\/ecurie-saint-georges-en-bresse.com\/index.php\/installation\/","name":"D\u00e9couvrez nos installations proche de Macon","isPartOf":{"@id":"https:\/\/ecurie-saint-georges-en-bresse.com\/#website"},"datePublished":"2024-11-25T10:07:51+00:00","dateModified":"2025-04-16T08:14:50+00:00","description":"Visitez notre \u00e9curie de propri\u00e9taire proche de M\u00e2con, avec des installations modernes et des boxes spacieux pour vos chevaux.","breadcrumb":{"@id":"https:\/\/ecurie-saint-georges-en-bresse.com\/index.php\/installation\/#breadcrumb"},"inLanguage":"fr-FR","potentialAction":[{"@type":"ReadAction","target":["https:\/\/ecurie-saint-georges-en-bresse.com\/index.php\/installation\/"]}]},{"@type":"BreadcrumbList","@id":"https:\/\/ecurie-saint-georges-en-bresse.com\/index.php\/installation\/#breadcrumb","itemListElement":[{"@type":"ListItem","position":1,"name":"Accueil","item":"https:\/\/ecurie-saint-georges-en-bresse.com\/"},{"@type":"ListItem","position":2,"name":"installations"}]},{"@type":"WebSite","@id":"https:\/\/ecurie-saint-georges-en-bresse.com\/#website","url":"https:\/\/ecurie-saint-georges-en-bresse.com\/","name":"Ecurie saint georges en bresse","description":"Une \u00e9curie de propri\u00e9taire proche de Macon","publisher":{"@id":"https:\/\/ecurie-saint-georges-en-bresse.com\/#organization"},"potentialAction":[{"@type":"SearchAction","target":{"@type":"EntryPoint","urlTemplate":"https:\/\/ecurie-saint-georges-en-bresse.com\/?s={search_term_string}"},"query-input":{"@type":"PropertyValueSpecification","valueRequired":true,"valueName":"search_term_string"}}],"inLanguage":"fr-FR"},{"@type":"Organization","@id":"https:\/\/ecurie-saint-georges-en-bresse.com\/#organization","name":"Ecurie saint georges en bresse","url":"https:\/\/ecurie-saint-georges-en-bresse.com\/","logo":{"@type":"ImageObject","inLanguage":"fr-FR","@id":"https:\/\/ecurie-saint-georges-en-bresse.com\/#\/schema\/logo\/image\/","url":"https:\/\/ecurie-saint-georges-en-bresse.com\/wp-content\/uploads\/2024\/11\/Design-sans-titre.png","contentUrl":"https:\/\/ecurie-saint-georges-en-bresse.com\/wp-content\/uploads\/2024\/11\/Design-sans-titre.png","width":1476,"height":2250,"caption":"Ecurie saint georges en bresse"},"image":{"@id":"https:\/\/ecurie-saint-georges-en-bresse.com\/#\/schema\/logo\/image\/"},"sameAs":["https:\/\/www.facebook.com\/profile.php?id=61563517301867&locale=fr_FR"]}]}},"_links":{"self":[{"href":"https:\/\/ecurie-saint-georges-en-bresse.com\/index.php\/wp-json\/wp\/v2\/pages\/181","targetHints":{"allow":["GET"]}}],"collection":[{"href":"https:\/\/ecurie-saint-georges-en-bresse.com\/index.php\/wp-json\/wp\/v2\/pages"}],"about":[{"href":"https:\/\/ecurie-saint-georges-en-bresse.com\/index.php\/wp-json\/wp\/v2\/types\/page"}],"author":[{"embeddable":true,"href":"https:\/\/ecurie-saint-georges-en-bresse.com\/index.php\/wp-json\/wp\/v2\/users\/1"}],"replies":[{"embeddable":true,"href":"https:\/\/ecurie-saint-georges-en-bresse.com\/index.php\/wp-json\/wp\/v2\/comments?post=181"}],"version-history":[{"count":44,"href":"https:\/\/ecurie-saint-georges-en-bresse.com\/index.php\/wp-json\/wp\/v2\/pages\/181\/revisions"}],"predecessor-version":[{"id":1556,"href":"https:\/\/ecurie-saint-georges-en-bresse.com\/index.php\/wp-json\/wp\/v2\/pages\/181\/revisions\/1556"}],"wp:attachment":[{"href":"https:\/\/ecurie-saint-georges-en-bresse.com\/index.php\/wp-json\/wp\/v2\/media?parent=181"}],"curies":[{"name":"wp","href":"https:\/\/api.w.org\/{rel}","templated":true}]}}